{"id":7055,"date":"2014-03-22T12:48:01","date_gmt":"2014-03-22T12:48:01","guid":{"rendered":"http:\/\/\/www.cefihgu.es\/?page_id=7055"},"modified":"2022-10-19T12:16:32","modified_gmt":"2022-10-19T11:16:32","slug":"archivo-fotografico-layna-serrano","status":"publish","type":"page","link":"http:\/\/cefihgu.es\/en\/archivos-y-colecciones\/archivo-fotografico-layna-serrano\/","title":{"rendered":"Layna Serrano Photographic Archive"},"content":{"rendered":"<div id=\"dslc-theme-content\"><div id=\"dslc-theme-content-inner\">\t\t<div data-elementor-type=\"wp-page\" data-elementor-id=\"7055\" class=\"elementor elementor-7055\">\n\t\t\t\t\t\t<div class=\"elementor-inner\">\n\t\t\t\t<div class=\"elementor-section-wrap\">\n\t\t\t\t\t\t\t\t\t<section class=\"elementor-section elementor-top-section elementor-element elementor-element-7dec9879 elementor-section-boxed elementor-section-height-default elementor-section-height-default\" data-id=\"7dec9879\" data-element_type=\"section\">\n\t\t\t\t\t\t<div class=\"elementor-container elementor-column-gap-default\">\n\t\t\t\t\t\t\t<div class=\"elementor-row\">\n\t\t\t\t\t<div class=\"elementor-column elementor-col-100 elementor-top-column elementor-element elementor-element-32bee64\" data-id=\"32bee64\" data-element_type=\"column\">\n\t\t\t<div class=\"elementor-column-wrap elementor-element-populated\">\n\t\t\t\t\t\t\t<div class=\"elementor-widget-wrap\">\n\t\t\t\t\t\t<div class=\"elementor-element elementor-element-10867a51 elementor-widget elementor-widget-text-editor\" data-id=\"10867a51\" data-element_type=\"widget\" data-widget_type=\"text-editor.default\">\n\t\t\t\t<div class=\"elementor-widget-container\">\n\t\t\t\t\t\t\t\t<div class=\"elementor-text-editor elementor-clearfix\">\n\t\t\t\t<h3><img loading=\"lazy\" class=\"alignleft wp-image-121793\" src=\"http:\/\/cefihgu.es\/wp-content\/uploads\/fransicolayna.jpg\" alt=\"\" width=\"246\" height=\"330\" srcset=\"https:\/\/cefihgu.es\/wp-content\/uploads\/fransicolayna.jpg 800w, https:\/\/cefihgu.es\/wp-content\/uploads\/fransicolayna-224x300.jpg 224w, https:\/\/cefihgu.es\/wp-content\/uploads\/fransicolayna-764x1024.jpg 764w\" sizes=\"(max-width: 246px) 100vw, 246px\" \/><\/h3><h3><a href=\"\/en\/collection\/layna-serrano\/\">Browse the Layna Serrano Photo Archive<\/a><\/h3><p>It was delivered in July 1971 to the Provincial Council together with the bibliographic collections and the documentation from his library and personal archive by the provincial chronicler Mr. Francisco Layna Serrano (1893 \u2013 1971).<\/p><p>The photographic collection brings together more than 1,631 images, dated between 1917 and 1970. Most of them correspond to almost a hundred and a half towns in the province of Guadalajara, but there is no shortage of different towns in Asturias, \u00c1vila, Badajoz, Burgos, Ciudad Real , Ja\u00e9n, La Rioja, Madrid, M\u00e1laga, Segovia, Soria, Toledo, Valencia, Valladolid, Zaragoza, which were the object of interest in the studies carried out by the wise man from Alcarria.<\/p><p>They are, therefore, a splendid graphic reflection of the in-depth studies that our character carried out on various topics related to the history of art: 689 images have architectural aspects as their central theme, among which 144 views of churches, 285 of castles and 218 of sculpture. There are also a considerable number (almost 300) on ethnographic issues, in addition to those that document various aspects of the life and professional career of the character himself. Of the set, 1,175 conserve the negatives (29 glass, 606 acetates and 540 in 35 mm rolls) and 1,412 are period positives. Most of the photographs were taken by Layna Serrano himself, although there are also those signed by other photographers and stamped by different photographic laboratories, some of special prestige, such as Tom\u00e1s Camarillo, A. Ba\u00f1os, Andrada, Jos\u00e9 Reyes, Garc\u00eda Garrabella, Mar\u00ed, Leocadio Zafra, Pedro Archilla and others linked to the province of Guadalajara; as well as others from different parts of Spain: A. Linares (Toledo), Mu\u00f1oz (Ciudad Real), Alberto Muro, A. Vela and H. Ortega (La Rioja), Mier (Burgos) and Arcos (Huelva), etc.<\/p><p><\/p>\t\t\t\t\t<\/div>\n\t\t\t\t\t\t<\/div>\n\t\t\t\t<\/div>\n\t\t\t\t\t\t<\/div>\n\t\t\t\t\t<\/div>\n\t\t<\/div>\n\t\t\t\t\t\t\t\t<\/div>\n\t\t\t\t\t<\/div>\n\t\t<\/section>\n\t\t\t\t\t\t\t\t\t<\/div>\n\t\t\t<\/div>\n\t\t\t\t\t<\/div>\n\t\t<\/div><\/div>","protected":false},"excerpt":{"rendered":"<p>Browse the Layna Serrano Photographic Archive It was handed over to the Provincial Council in July 1971 together with the bibliographic collections and the documentation from his library and personal archive by the provincial chronicler Mr. Francisco Layna Serrano (1893 \u2013 1971). The photographic collection gathers more than 1631 images, dated between 1917 and 1970. [\u2026]<\/p>","protected":false},"author":4,"featured_media":0,"parent":4930,"menu_order":0,"comment_status":"open","ping_status":"open","template":"","meta":{"_mi_skip_tracking":false},"acf":[],"_links":{"self":[{"href":"http:\/\/cefihgu.es\/en\/wp-json\/wp\/v2\/pages\/7055"}],"collection":[{"href":"http:\/\/cefihgu.es\/en\/wp-json\/wp\/v2\/pages"}],"about":[{"href":"http:\/\/cefihgu.es\/en\/wp-json\/wp\/v2\/types\/page"}],"author":[{"embeddable":true,"href":"http:\/\/cefihgu.es\/en\/wp-json\/wp\/v2\/users\/4"}],"replies":[{"embeddable":true,"href":"http:\/\/cefihgu.es\/en\/wp-json\/wp\/v2\/comments?post=7055"}],"version-history":[{"count":3,"href":"http:\/\/cefihgu.es\/en\/wp-json\/wp\/v2\/pages\/7055\/revisions"}],"predecessor-version":[{"id":247149,"href":"http:\/\/cefihgu.es\/en\/wp-json\/wp\/v2\/pages\/7055\/revisions\/247149"}],"up":[{"embeddable":true,"href":"http:\/\/cefihgu.es\/en\/wp-json\/wp\/v2\/pages\/4930"}],"wp:attachment":[{"href":"http:\/\/cefihgu.es\/en\/wp-json\/wp\/v2\/media?parent=7055"}],"curies":[{"name":"wp","href":"https:\/\/api.w.org\/{rel}","templated":true}]}}