{"id":133344,"date":"2017-02-20T20:09:01","date_gmt":"2017-02-20T19:09:01","guid":{"rendered":"http:\/\/www.cefihgu.es\/?page_id=133344"},"modified":"2022-10-19T12:24:15","modified_gmt":"2022-10-19T11:24:15","slug":"coleccion-serrano-belinchon","status":"publish","type":"page","link":"https:\/\/cefihgu.es\/en\/archivos-y-colecciones\/coleccion-serrano-belinchon\/","title":{"rendered":"Serrano Belinch\u00f3n Collection"},"content":{"rendered":"<div id=\"dslc-theme-content\"><div id=\"dslc-theme-content-inner\">\t\t<div data-elementor-type=\"wp-page\" data-elementor-id=\"133344\" class=\"elementor elementor-133344\">\n\t\t\t\t\t\t<div class=\"elementor-inner\">\n\t\t\t\t<div class=\"elementor-section-wrap\">\n\t\t\t\t\t\t\t\t\t<section class=\"elementor-section elementor-top-section elementor-element elementor-element-254ae9b9 elementor-section-boxed elementor-section-height-default elementor-section-height-default\" data-id=\"254ae9b9\" data-element_type=\"section\">\n\t\t\t\t\t\t<div class=\"elementor-container elementor-column-gap-default\">\n\t\t\t\t\t\t\t<div class=\"elementor-row\">\n\t\t\t\t\t<div class=\"elementor-column elementor-col-100 elementor-top-column elementor-element elementor-element-2b1ec2c5\" data-id=\"2b1ec2c5\" data-element_type=\"column\">\n\t\t\t<div class=\"elementor-column-wrap elementor-element-populated\">\n\t\t\t\t\t\t\t<div class=\"elementor-widget-wrap\">\n\t\t\t\t\t\t<div class=\"elementor-element elementor-element-6de823b3 elementor-widget elementor-widget-text-editor\" data-id=\"6de823b3\" data-element_type=\"widget\" data-widget_type=\"text-editor.default\">\n\t\t\t\t<div class=\"elementor-widget-container\">\n\t\t\t\t\t\t\t\t<div class=\"elementor-text-editor elementor-clearfix\">\n\t\t\t\t<h3><img loading=\"lazy\" class=\"alignleft wp-image-122181\" src=\"http:\/\/cefihgu.es\/wp-content\/uploads\/JSB001.jpg\" alt=\"Jos\u00e9 Serrano Belinch\u00f3n\" width=\"211\" height=\"246\" srcset=\"https:\/\/cefihgu.es\/wp-content\/uploads\/JSB001.jpg 451w, https:\/\/cefihgu.es\/wp-content\/uploads\/JSB001-258x300.jpg 258w\" sizes=\"(max-width: 211px) 100vw, 211px\" \/><\/h3><h3><a href=\"\/en\/collection\/jose-serrano-belinchon\/\">Browse the Photographic Archive of Jos\u00e9 Serrano Belinch\u00f3n<\/a><\/h3><p>The 451 images from the Jos\u00e9 Serrano Belinch\u00f3n Archive, deposited in the CEFIHGU in October 2012, correspond to his journey through the towns of Guadalajara, where he visited the main squares, churches, elms... and where he spoke with his people, to write the \u201cPlaza Mayor\u201d articles published weekly in the \u201cNueva Alcarria\u201d newspaper.<\/p>\t\t\t\t\t<\/div>\n\t\t\t\t\t\t<\/div>\n\t\t\t\t<\/div>\n\t\t\t\t\t\t<\/div>\n\t\t\t\t\t<\/div>\n\t\t<\/div>\n\t\t\t\t\t\t\t\t<\/div>\n\t\t\t\t\t<\/div>\n\t\t<\/section>\n\t\t\t\t\t\t\t\t\t<\/div>\n\t\t\t<\/div>\n\t\t\t\t\t<\/div>\n\t\t<\/div><\/div>","protected":false},"excerpt":{"rendered":"<p>Browse the Jos\u00e9 Serrano Belinch\u00f3n Photographic Archive The 451 images from the Jos\u00e9 Serrano Belinch\u00f3n Archive, deposited at CEFIHGU in October 2012, correspond to his journey through the towns of Guadalajara, where he visited the main squares, churches, elms\u2026 and where he spoke with his people, to write the articles for \u00abPlaza [\u2026]<\/p>","protected":false},"author":4,"featured_media":0,"parent":4930,"menu_order":0,"comment_status":"closed","ping_status":"closed","template":"","meta":{"_mi_skip_tracking":false},"acf":[],"_links":{"self":[{"href":"https:\/\/cefihgu.es\/en\/wp-json\/wp\/v2\/pages\/133344"}],"collection":[{"href":"https:\/\/cefihgu.es\/en\/wp-json\/wp\/v2\/pages"}],"about":[{"href":"https:\/\/cefihgu.es\/en\/wp-json\/wp\/v2\/types\/page"}],"author":[{"embeddable":true,"href":"https:\/\/cefihgu.es\/en\/wp-json\/wp\/v2\/users\/4"}],"replies":[{"embeddable":true,"href":"https:\/\/cefihgu.es\/en\/wp-json\/wp\/v2\/comments?post=133344"}],"version-history":[{"count":3,"href":"https:\/\/cefihgu.es\/en\/wp-json\/wp\/v2\/pages\/133344\/revisions"}],"predecessor-version":[{"id":247177,"href":"https:\/\/cefihgu.es\/en\/wp-json\/wp\/v2\/pages\/133344\/revisions\/247177"}],"up":[{"embeddable":true,"href":"https:\/\/cefihgu.es\/en\/wp-json\/wp\/v2\/pages\/4930"}],"wp:attachment":[{"href":"https:\/\/cefihgu.es\/en\/wp-json\/wp\/v2\/media?parent=133344"}],"curies":[{"name":"wp","href":"https:\/\/api.w.org\/{rel}","templated":true}]}}