{"id":247296,"date":"2023-12-11T17:01:49","date_gmt":"2023-12-11T16:01:49","guid":{"rendered":"https:\/\/cefihgu.es\/?page_id=247296"},"modified":"2023-12-11T17:03:32","modified_gmt":"2023-12-11T16:03:32","slug":"fotografos-jose-reyes-ruiz","status":"publish","type":"page","link":"https:\/\/cefihgu.es\/en\/fotografos-jose-reyes-ruiz\/","title":{"rendered":"Jos\u00e9 Reyes Ruiz"},"content":{"rendered":"<div id=\"dslc-theme-content\"><div id=\"dslc-theme-content-inner\">\t\t<div data-elementor-type=\"wp-page\" data-elementor-id=\"247296\" class=\"elementor elementor-247296\">\n\t\t\t\t\t\t<div class=\"elementor-inner\">\n\t\t\t\t<div class=\"elementor-section-wrap\">\n\t\t\t\t\t\t\t\t\t<section class=\"elementor-section elementor-top-section elementor-element elementor-element-76bee5a elementor-section-boxed elementor-section-height-default elementor-section-height-default\" data-id=\"76bee5a\" data-element_type=\"section\">\n\t\t\t\t\t\t<div class=\"elementor-container elementor-column-gap-default\">\n\t\t\t\t\t\t\t<div class=\"elementor-row\">\n\t\t\t\t\t<div class=\"elementor-column elementor-col-100 elementor-top-column elementor-element elementor-element-e09784a\" data-id=\"e09784a\" data-element_type=\"column\">\n\t\t\t<div class=\"elementor-column-wrap elementor-element-populated\">\n\t\t\t\t\t\t\t<div class=\"elementor-widget-wrap\">\n\t\t\t\t\t\t<div class=\"elementor-element elementor-element-e7504ac elementor-widget elementor-widget-text-editor\" data-id=\"e7504ac\" data-element_type=\"widget\" data-widget_type=\"text-editor.default\">\n\t\t\t\t<div class=\"elementor-widget-container\">\n\t\t\t\t\t\t\t\t<div class=\"elementor-text-editor elementor-clearfix\">\n\t\t\t\t<p>Jos\u00e9 Reyes Ruiz (Baldolatosa, 1892- Elche, 1974) se trasladada a Guadalajara en 1913, cuando obtiene un puesto en el Servicio Fotogr\u00e1fico de Ej\u00e9rcito, destacando en esta \u00e9poca sus fotograf\u00edas a\u00e9reas y de la Academia de Ingenieros.<\/p><p>Debido a su creciente \u00e9xito, abre su estudio fotogr\u00e1fico en 1925 en la Calle Rom\u00e1n Atienza. Empieza a destacar por los retratos y es en esta \u00e9poca cuando gana los dos premios del Sal\u00f3n de la Sociedad Fotogr\u00e1fica de Zaragoza (1925 y 1926) con <em>Maternidad<\/em>, <em>Pescadores en el Henares <\/em>y <em>Ni\u00f1os fumando. <\/em>Realiza fotograf\u00edas de monumentos amenazados de Guadalajara, como la Iglesia de San Gil; recorre tambi\u00e9n parte de la provincia realizando reportajes fotogr\u00e1ficos de Molina de Arag\u00f3n, Sig\u00fcenza, Pastrana y Cogolludo, entre otros.<\/p><p>En 1931 abandona el puesto en el Servicio Fotogr\u00e1fico del Ej\u00e9rcito, dedic\u00e1ndose plenamente al Estudio. Despu\u00e9s de la Guerra, trabaja para la Junta delegada de Incautaci\u00f3n y Protecci\u00f3n de Tesoros Art\u00edsticos, testimoniando los desastres provocados en el Palacio del Infantado.<\/p><p>En los a\u00f1os 50, a\u00f1ade a los reportajes de retratos y fotos de boda y comuni\u00f3n los reportajes de industrias y comercios de la capital. Como consecuencia de la creciente actividad fotogr\u00e1fica de la \u00e9poca se funda en 1956 la Agrupaci\u00f3n Fotogr\u00e1fica de Educaci\u00f3n y Descanso, de la que ser\u00e1 su primer presidente.<\/p><p>Durante su trayectoria profesional fue siempre asistido por sus hijos Marcial y Alfonso, siendo el primero quien heredar\u00e1 su estudio tras la jubilaci\u00f3n de Jos\u00e9 Reyes en 1959.<\/p>\t\t\t\t\t<\/div>\n\t\t\t\t\t\t<\/div>\n\t\t\t\t<\/div>\n\t\t\t\t\t\t<\/div>\n\t\t\t\t\t<\/div>\n\t\t<\/div>\n\t\t\t\t\t\t\t\t<\/div>\n\t\t\t\t\t<\/div>\n\t\t<\/section>\n\t\t\t\t\t\t\t\t\t<\/div>\n\t\t\t<\/div>\n\t\t\t\t\t<\/div>\n\t\t<\/div><\/div>","protected":false},"excerpt":{"rendered":"<p>Jos\u00e9 Reyes Ruiz (Baldolatosa, 1892- Elche, 1974) se trasladada a Guadalajara en 1913, cuando obtiene un puesto en el Servicio Fotogr\u00e1fico de Ej\u00e9rcito, destacando en esta \u00e9poca sus fotograf\u00edas a\u00e9reas y de la Academia de Ingenieros. Debido a su creciente \u00e9xito, abre su estudio fotogr\u00e1fico en 1925 en la Calle Rom\u00e1n Atienza. Empieza a destacar [&hellip;]<\/p>","protected":false},"author":4,"featured_media":0,"parent":0,"menu_order":0,"comment_status":"closed","ping_status":"closed","template":"","meta":{"_mi_skip_tracking":false},"acf":[],"_links":{"self":[{"href":"https:\/\/cefihgu.es\/en\/wp-json\/wp\/v2\/pages\/247296"}],"collection":[{"href":"https:\/\/cefihgu.es\/en\/wp-json\/wp\/v2\/pages"}],"about":[{"href":"https:\/\/cefihgu.es\/en\/wp-json\/wp\/v2\/types\/page"}],"author":[{"embeddable":true,"href":"https:\/\/cefihgu.es\/en\/wp-json\/wp\/v2\/users\/4"}],"replies":[{"embeddable":true,"href":"https:\/\/cefihgu.es\/en\/wp-json\/wp\/v2\/comments?post=247296"}],"version-history":[{"count":3,"href":"https:\/\/cefihgu.es\/en\/wp-json\/wp\/v2\/pages\/247296\/revisions"}],"predecessor-version":[{"id":247306,"href":"https:\/\/cefihgu.es\/en\/wp-json\/wp\/v2\/pages\/247296\/revisions\/247306"}],"wp:attachment":[{"href":"https:\/\/cefihgu.es\/en\/wp-json\/wp\/v2\/media?parent=247296"}],"curies":[{"name":"wp","href":"https:\/\/api.w.org\/{rel}","templated":true}]}}