{"id":4930,"date":"2014-07-22T10:29:35","date_gmt":"2014-07-22T09:29:35","guid":{"rendered":"http:\/\/\/www.cefihgu.es\/?page_id=4930"},"modified":"2022-10-19T13:10:54","modified_gmt":"2022-10-19T12:10:54","slug":"archivos-y-colecciones","status":"publish","type":"page","link":"https:\/\/cefihgu.es\/en\/archivos-y-colecciones\/","title":{"rendered":"ARCHIVES AND COLLECTIONS"},"content":{"rendered":"<div id=\"dslc-theme-content\"><div id=\"dslc-theme-content-inner\">\t\t<div data-elementor-type=\"wp-page\" data-elementor-id=\"4930\" class=\"elementor elementor-4930\">\n\t\t\t\t\t\t<div class=\"elementor-inner\">\n\t\t\t\t<div class=\"elementor-section-wrap\">\n\t\t\t\t\t\t\t\t\t<section class=\"elementor-section elementor-top-section elementor-element elementor-element-0167b31 elementor-section-content-middle elementor-section-boxed elementor-section-height-default elementor-section-height-default\" data-id=\"0167b31\" data-element_type=\"section\">\n\t\t\t\t\t\t<div class=\"elementor-container elementor-column-gap-default\">\n\t\t\t\t\t\t\t<div class=\"elementor-row\">\n\t\t\t\t\t<div class=\"elementor-column elementor-col-100 elementor-top-column elementor-element elementor-element-a4e4125\" data-id=\"a4e4125\" data-element_type=\"column\">\n\t\t\t<div class=\"elementor-column-wrap elementor-element-populated\">\n\t\t\t\t\t\t\t<div class=\"elementor-widget-wrap\">\n\t\t\t\t\t\t<div class=\"elementor-element elementor-element-b639287 elementor-widget elementor-widget-heading\" data-id=\"b639287\" data-element_type=\"widget\" data-widget_type=\"heading.default\">\n\t\t\t\t<div class=\"elementor-widget-container\">\n\t\t\t<h1 class=\"elementor-heading-title elementor-size-default\">ARCHIVES AND COLLECTIONS<\/h1>\t\t<\/div>\n\t\t\t\t<\/div>\n\t\t\t\t<div class=\"elementor-element elementor-element-5423b8c elementor-widget elementor-widget-spacer\" data-id=\"5423b8c\" data-element_type=\"widget\" data-widget_type=\"spacer.default\">\n\t\t\t\t<div class=\"elementor-widget-container\">\n\t\t\t\t\t<div class=\"elementor-spacer\">\n\t\t\t<div class=\"elementor-spacer-inner\"><\/div>\n\t\t<\/div>\n\t\t\t\t<\/div>\n\t\t\t\t<\/div>\n\t\t\t\t\t\t<\/div>\n\t\t\t\t\t<\/div>\n\t\t<\/div>\n\t\t\t\t\t\t\t\t<\/div>\n\t\t\t\t\t<\/div>\n\t\t<\/section>\n\t\t\t\t<section class=\"elementor-section elementor-top-section elementor-element elementor-element-74e6b297 elementor-section-boxed elementor-section-height-default elementor-section-height-default\" data-id=\"74e6b297\" data-element_type=\"section\">\n\t\t\t\t\t\t<div class=\"elementor-container elementor-column-gap-default\">\n\t\t\t\t\t\t\t<div class=\"elementor-row\">\n\t\t\t\t\t<div class=\"elementor-column elementor-col-100 elementor-top-column elementor-element elementor-element-6fab1bd8\" data-id=\"6fab1bd8\" data-element_type=\"column\">\n\t\t\t<div class=\"elementor-column-wrap elementor-element-populated\">\n\t\t\t\t\t\t\t<div class=\"elementor-widget-wrap\">\n\t\t\t\t\t\t<div class=\"elementor-element elementor-element-6a892bd elementor-widget elementor-widget-text-editor\" data-id=\"6a892bd\" data-element_type=\"widget\" data-widget_type=\"text-editor.default\">\n\t\t\t\t<div class=\"elementor-widget-container\">\n\t\t\t\t\t\t\t\t<div class=\"elementor-text-editor elementor-clearfix\">\n\t\t\t\t<p><a href=\"https:\/\/cefihgu.es\/en\/archivos-y-colecciones\/archivo-fotografico-tomas-camarillo\/\">Tom\u00e1s Camarillo Photographic Archive.<\/a><\/p><p><a href=\"https:\/\/cefihgu.es\/en\/archivos-y-colecciones\/archivo-fotografico-layna-serrano\/\">Layna Serrano Photographic Archive. <\/a><\/p><p><a href=\"https:\/\/cefihgu.es\/en\/archivos-y-colecciones\/archivo-fotografico-latorre-y-vegas\/\">Latorre y Vegas Photographic Collection.<\/a><\/p><p><a href=\"https:\/\/cefihgu.es\/en\/archivos-y-colecciones\/archivo-fotografico-fernando-poyatos\/\">Fernando Poyatos Photographic Archive. <\/a><\/p><p><a href=\"https:\/\/cefihgu.es\/en\/archivos-y-colecciones\/archivo-fotografico-jose-lopez\/\">Jos\u00e9 L\u00f3pez Photographic Archive. <\/a><\/p><p><a href=\"https:\/\/cefihgu.es\/en\/archivos-y-colecciones\/archivo-fotografico-de-eugenio-ruiz-garcia-peco\/\">Eugenio Ru\u00edz Garc\u00eda \u00bb Peco \u00bb Photographic Archive. <\/a><\/p><p><a href=\"https:\/\/cefihgu.es\/en\/archivos-y-colecciones\/archivo-fotografico-jose-antonio-lopez-palacios\/\">Antonio L\u00f3pez-Palacios Photographic Archive. <\/a><\/p><p><a href=\"https:\/\/cefihgu.es\/en\/archivos-y-colecciones\/archivo-fotografico-luis-manuel-garcia\/\">Luis Manuel Garcia Photographic Collection. <\/a><\/p><p><a href=\"https:\/\/cefihgu.es\/en\/archivos-y-colecciones\/coleccion-fotografica-timoteo\/\">Timothy Photographic Collection. <\/a><\/p><p><a href=\"https:\/\/cefihgu.es\/en\/archivos-y-colecciones\/archivo-fotografico-cortijo-ballester\/\">Cortijo-Ballester Photographic Archive<\/a>.<\/p><p><a href=\"https:\/\/cefihgu.es\/en\/archivos-y-colecciones\/archivo-fotografico-jose-herrera-petere\/\">Jos\u00e9 Herrera \u00abPetere\u00bb Photographic Collection<\/a><\/p><p><a href=\"https:\/\/cefihgu.es\/en\/archivos-y-colecciones\/archivo-fotografico-andres-perez-arribas\/\">Andr\u00e9s P\u00e9rez Arribas Photographic Archive<\/a><\/p><p><a href=\"https:\/\/cefihgu.es\/en\/archivos-y-colecciones\/coleccion-serrano-belinchon\/\">Jos\u00e9 Serrano Belinch\u00f3n Photographic Archive<\/a><\/p><p><a href=\"https:\/\/cefihgu.es\/en\/archivos-y-colecciones\/archivo-fotografico-guadalajara-2000\/\">Photographic Archive Guadalajara 2000<\/a><\/p><p><a href=\"https:\/\/cefihgu.es\/en\/archivos-y-colecciones\/coleccion-fotografica-bartolome-chavert\/\">Bartholomew-Chavert Photographic Collection<\/a><\/p><p><a href=\"https:\/\/cefihgu.es\/en\/archivos-y-colecciones\/coleccion-fotografica-pedro-jose-pradillo\/\">Pedro Jos\u00e9 Pradillo Photographic Collection<\/a><\/p><p><a href=\"https:\/\/cefihgu.es\/en\/archivos-y-colecciones\/archivo-fotografico-pedro-vacas-moreno\/\">Pedro Vacas Moreno Photographic Archive<\/a><\/p>\t\t\t\t\t<\/div>\n\t\t\t\t\t\t<\/div>\n\t\t\t\t<\/div>\n\t\t\t\t\t\t<\/div>\n\t\t\t\t\t<\/div>\n\t\t<\/div>\n\t\t\t\t\t\t\t\t<\/div>\n\t\t\t\t\t<\/div>\n\t\t<\/section>\n\t\t\t\t\t\t\t\t\t<\/div>\n\t\t\t<\/div>\n\t\t\t\t\t<\/div>\n\t\t<\/div><\/div>","protected":false},"excerpt":{"rendered":"<p>ARCHIVES AND COLLECTIONS Tom\u00e1s Camarillo Photographic Archive. Layna Serrano Photographic Archive. Latorre y Vegas Photographic Collection. Fernando Poyatos Photographic Archive. Jos\u00e9 L\u00f3pez Photographic Archive. Eugenio Ru\u00edz Garc\u00eda \u00bb Peco \u00bb Photographic Archive. Antonio L\u00f3pez-Palacios Photographic Archive. Luis Manuel Garcia Photographic Collection. Timothy Photographic Collection. Cortijo-Ballester Photographic Archive. Jos\u00e9 Herrera \u00abPetere\u00bb Photographic Collection Andr\u00e9s P\u00e9rez Arribas Photographic Archive [\u2026]<\/p>","protected":false},"author":4,"featured_media":0,"parent":0,"menu_order":0,"comment_status":"closed","ping_status":"closed","template":"","meta":{"_mi_skip_tracking":false},"acf":[],"_links":{"self":[{"href":"https:\/\/cefihgu.es\/en\/wp-json\/wp\/v2\/pages\/4930"}],"collection":[{"href":"https:\/\/cefihgu.es\/en\/wp-json\/wp\/v2\/pages"}],"about":[{"href":"https:\/\/cefihgu.es\/en\/wp-json\/wp\/v2\/types\/page"}],"author":[{"embeddable":true,"href":"https:\/\/cefihgu.es\/en\/wp-json\/wp\/v2\/users\/4"}],"replies":[{"embeddable":true,"href":"https:\/\/cefihgu.es\/en\/wp-json\/wp\/v2\/comments?post=4930"}],"version-history":[{"count":3,"href":"https:\/\/cefihgu.es\/en\/wp-json\/wp\/v2\/pages\/4930\/revisions"}],"predecessor-version":[{"id":247192,"href":"https:\/\/cefihgu.es\/en\/wp-json\/wp\/v2\/pages\/4930\/revisions\/247192"}],"wp:attachment":[{"href":"https:\/\/cefihgu.es\/en\/wp-json\/wp\/v2\/media?parent=4930"}],"curies":[{"name":"wp","href":"https:\/\/api.w.org\/{rel}","templated":true}]}}