{"id":6605,"date":"2014-07-22T12:37:12","date_gmt":"2014-07-22T11:37:12","guid":{"rendered":"http:\/\/\/www.cefihgu.es\/?page_id=6605"},"modified":"2022-10-19T15:12:09","modified_gmt":"2022-10-19T14:12:09","slug":"florencio-navarro","status":"publish","type":"page","link":"https:\/\/cefihgu.es\/en\/fotografos\/florencio-navarro\/","title":{"rendered":"Florencio Navarro"},"content":{"rendered":"<div id=\"dslc-theme-content\"><div id=\"dslc-theme-content-inner\">\t\t<div data-elementor-type=\"wp-page\" data-elementor-id=\"6605\" class=\"elementor elementor-6605\">\n\t\t\t\t\t\t<div class=\"elementor-inner\">\n\t\t\t\t<div class=\"elementor-section-wrap\">\n\t\t\t\t\t\t\t\t\t<section class=\"elementor-section elementor-top-section elementor-element elementor-element-eecf4f5 elementor-section-boxed elementor-section-height-default elementor-section-height-default\" data-id=\"eecf4f5\" data-element_type=\"section\">\n\t\t\t\t\t\t<div class=\"elementor-container elementor-column-gap-default\">\n\t\t\t\t\t\t\t<div class=\"elementor-row\">\n\t\t\t\t\t<div class=\"elementor-column elementor-col-100 elementor-top-column elementor-element elementor-element-65b7462\" data-id=\"65b7462\" data-element_type=\"column\">\n\t\t\t<div class=\"elementor-column-wrap elementor-element-populated\">\n\t\t\t\t\t\t\t<div class=\"elementor-widget-wrap\">\n\t\t\t\t\t\t<div class=\"elementor-element elementor-element-a9dab44 elementor-widget elementor-widget-spacer\" data-id=\"a9dab44\" data-element_type=\"widget\" data-widget_type=\"spacer.default\">\n\t\t\t\t<div class=\"elementor-widget-container\">\n\t\t\t\t\t<div class=\"elementor-spacer\">\n\t\t\t<div class=\"elementor-spacer-inner\"><\/div>\n\t\t<\/div>\n\t\t\t\t<\/div>\n\t\t\t\t<\/div>\n\t\t\t\t\t\t<\/div>\n\t\t\t\t\t<\/div>\n\t\t<\/div>\n\t\t\t\t\t\t\t\t<\/div>\n\t\t\t\t\t<\/div>\n\t\t<\/section>\n\t\t\t\t<section class=\"elementor-section elementor-top-section elementor-element elementor-element-2a1b3ee8 elementor-section-boxed elementor-section-height-default elementor-section-height-default\" data-id=\"2a1b3ee8\" data-element_type=\"section\">\n\t\t\t\t\t\t<div class=\"elementor-container elementor-column-gap-default\">\n\t\t\t\t\t\t\t<div class=\"elementor-row\">\n\t\t\t\t\t<div class=\"elementor-column elementor-col-100 elementor-top-column elementor-element elementor-element-5a4b2c5\" data-id=\"5a4b2c5\" data-element_type=\"column\">\n\t\t\t<div class=\"elementor-column-wrap elementor-element-populated\">\n\t\t\t\t\t\t\t<div class=\"elementor-widget-wrap\">\n\t\t\t\t\t\t<div class=\"elementor-element elementor-element-b8612c9 elementor-widget elementor-widget-text-editor\" data-id=\"b8612c9\" data-element_type=\"widget\" data-widget_type=\"text-editor.default\">\n\t\t\t\t<div class=\"elementor-widget-container\">\n\t\t\t\t\t\t\t\t<div class=\"elementor-text-editor elementor-clearfix\">\n\t\t\t\t<img loading=\"lazy\" class=\"alignleft size-full wp-image-121791\" alt=\"florencio navarro\" src=\"http:\/\/www.cefihgu.es\/wp-content\/uploads\/florencionavarro.jpg\" width=\"250\" height=\"374\" srcset=\"https:\/\/cefihgu.es\/wp-content\/uploads\/florencionavarro.jpg 250w, https:\/\/cefihgu.es\/wp-content\/uploads\/florencionavarro-200x300.jpg 200w\" sizes=\"(max-width: 250px) 100vw, 250px\" \/>In 1883, Florencio Navarro settled in Guadalajara who, years before, had started out as a photographer in Alcal\u00e1 de Henares. Here it does so at number 44 Calle Mayor, where there had already been another run, between 1864 and 1870, by Francisco Eyr\u00e9 and Vicente V\u00e1zquez, residents of Guadalajara. Navarro&#039;s cabinet will only work sporadically, since Alcal\u00e1&#039;s will still be open; until, in 1894, his son-in-law Enrique Cambero settled permanently in Guadalajara, being able to attend daily to the demand of the residents of the city and surroundings. Los Hijos de Navarro will have portraits as a specialty of the firm, offering delicate images in which Felisa Navarro, painter, responsible for the final retouching, would intervene.\t\t\t\t\t<\/div>\n\t\t\t\t\t\t<\/div>\n\t\t\t\t<\/div>\n\t\t\t\t\t\t<\/div>\n\t\t\t\t\t<\/div>\n\t\t<\/div>\n\t\t\t\t\t\t\t\t<\/div>\n\t\t\t\t\t<\/div>\n\t\t<\/section>\n\t\t\t\t<section class=\"elementor-section elementor-top-section elementor-element elementor-element-7846ca9 elementor-section-boxed elementor-section-height-default elementor-section-height-default\" data-id=\"7846ca9\" data-element_type=\"section\">\n\t\t\t\t\t\t<div class=\"elementor-container elementor-column-gap-default\">\n\t\t\t\t\t\t\t<div class=\"elementor-row\">\n\t\t\t\t\t<div class=\"elementor-column elementor-col-100 elementor-top-column elementor-element elementor-element-239a60c\" data-id=\"239a60c\" data-element_type=\"column\">\n\t\t\t<div class=\"elementor-column-wrap elementor-element-populated\">\n\t\t\t\t\t\t\t<div class=\"elementor-widget-wrap\">\n\t\t\t\t\t\t<div class=\"elementor-element elementor-element-e0ddd0a elementor-widget elementor-widget-spacer\" data-id=\"e0ddd0a\" data-element_type=\"widget\" data-widget_type=\"spacer.default\">\n\t\t\t\t<div class=\"elementor-widget-container\">\n\t\t\t\t\t<div class=\"elementor-spacer\">\n\t\t\t<div class=\"elementor-spacer-inner\"><\/div>\n\t\t<\/div>\n\t\t\t\t<\/div>\n\t\t\t\t<\/div>\n\t\t\t\t\t\t<\/div>\n\t\t\t\t\t<\/div>\n\t\t<\/div>\n\t\t\t\t\t\t\t\t<\/div>\n\t\t\t\t\t<\/div>\n\t\t<\/section>\n\t\t\t\t\t\t\t\t\t<\/div>\n\t\t\t<\/div>\n\t\t\t\t\t<\/div>\n\t\t<\/div><\/div>","protected":false},"excerpt":{"rendered":"<p>In 1883, Florencio Navarro settled in Guadalajara who, years before, had started out as a photographer in Alcal\u00e1 de Henares. Here it does so at number 44 Calle Mayor, where there had already been another run, between 1864 and 1870, by Francisco Eyr\u00e9 and Vicente V\u00e1zquez, residents of Guadalajara. Navarro&#039;s cabinet only [\u2026]<\/p>","protected":false},"author":4,"featured_media":0,"parent":6538,"menu_order":0,"comment_status":"closed","ping_status":"closed","template":"","meta":{"_mi_skip_tracking":false},"acf":[],"_links":{"self":[{"href":"https:\/\/cefihgu.es\/en\/wp-json\/wp\/v2\/pages\/6605"}],"collection":[{"href":"https:\/\/cefihgu.es\/en\/wp-json\/wp\/v2\/pages"}],"about":[{"href":"https:\/\/cefihgu.es\/en\/wp-json\/wp\/v2\/types\/page"}],"author":[{"embeddable":true,"href":"https:\/\/cefihgu.es\/en\/wp-json\/wp\/v2\/users\/4"}],"replies":[{"embeddable":true,"href":"https:\/\/cefihgu.es\/en\/wp-json\/wp\/v2\/comments?post=6605"}],"version-history":[{"count":3,"href":"https:\/\/cefihgu.es\/en\/wp-json\/wp\/v2\/pages\/6605\/revisions"}],"predecessor-version":[{"id":247237,"href":"https:\/\/cefihgu.es\/en\/wp-json\/wp\/v2\/pages\/6605\/revisions\/247237"}],"up":[{"embeddable":true,"href":"https:\/\/cefihgu.es\/en\/wp-json\/wp\/v2\/pages\/6538"}],"wp:attachment":[{"href":"https:\/\/cefihgu.es\/en\/wp-json\/wp\/v2\/media?parent=6605"}],"curies":[{"name":"wp","href":"https:\/\/api.w.org\/{rel}","templated":true}]}}