{"id":6673,"date":"2014-07-22T12:38:56","date_gmt":"2014-07-22T11:38:56","guid":{"rendered":"http:\/\/\/www.cefihgu.es\/?page_id=6673"},"modified":"2022-10-19T15:11:23","modified_gmt":"2022-10-19T14:11:23","slug":"jean-laurent","status":"publish","type":"page","link":"https:\/\/cefihgu.es\/en\/fotografos\/jean-laurent\/","title":{"rendered":"jean laurent"},"content":{"rendered":"<div id=\"dslc-theme-content\"><div id=\"dslc-theme-content-inner\">\t\t<div data-elementor-type=\"wp-page\" data-elementor-id=\"6673\" class=\"elementor elementor-6673\">\n\t\t\t\t\t\t<div class=\"elementor-inner\">\n\t\t\t\t<div class=\"elementor-section-wrap\">\n\t\t\t\t\t\t\t\t\t<section class=\"elementor-section elementor-top-section elementor-element elementor-element-4cc8cad elementor-section-boxed elementor-section-height-default elementor-section-height-default\" data-id=\"4cc8cad\" data-element_type=\"section\">\n\t\t\t\t\t\t<div class=\"elementor-container elementor-column-gap-default\">\n\t\t\t\t\t\t\t<div class=\"elementor-row\">\n\t\t\t\t\t<div class=\"elementor-column elementor-col-100 elementor-top-column elementor-element elementor-element-04ae2ed\" data-id=\"04ae2ed\" data-element_type=\"column\">\n\t\t\t<div class=\"elementor-column-wrap elementor-element-populated\">\n\t\t\t\t\t\t\t<div class=\"elementor-widget-wrap\">\n\t\t\t\t\t\t<div class=\"elementor-element elementor-element-46842e7 elementor-widget elementor-widget-spacer\" data-id=\"46842e7\" data-element_type=\"widget\" data-widget_type=\"spacer.default\">\n\t\t\t\t<div class=\"elementor-widget-container\">\n\t\t\t\t\t<div class=\"elementor-spacer\">\n\t\t\t<div class=\"elementor-spacer-inner\"><\/div>\n\t\t<\/div>\n\t\t\t\t<\/div>\n\t\t\t\t<\/div>\n\t\t\t\t\t\t<\/div>\n\t\t\t\t\t<\/div>\n\t\t<\/div>\n\t\t\t\t\t\t\t\t<\/div>\n\t\t\t\t\t<\/div>\n\t\t<\/section>\n\t\t\t\t<section class=\"elementor-section elementor-top-section elementor-element elementor-element-aa92321 elementor-section-boxed elementor-section-height-default elementor-section-height-default\" data-id=\"aa92321\" data-element_type=\"section\">\n\t\t\t\t\t\t<div class=\"elementor-container elementor-column-gap-default\">\n\t\t\t\t\t\t\t<div class=\"elementor-row\">\n\t\t\t\t\t<div class=\"elementor-column elementor-col-100 elementor-top-column elementor-element elementor-element-6095e137\" data-id=\"6095e137\" data-element_type=\"column\">\n\t\t\t<div class=\"elementor-column-wrap elementor-element-populated\">\n\t\t\t\t\t\t\t<div class=\"elementor-widget-wrap\">\n\t\t\t\t\t\t<div class=\"elementor-element elementor-element-837b4e4 elementor-widget elementor-widget-text-editor\" data-id=\"837b4e4\" data-element_type=\"widget\" data-widget_type=\"text-editor.default\">\n\t\t\t\t<div class=\"elementor-widget-container\">\n\t\t\t\t\t\t\t\t<div class=\"elementor-text-editor elementor-clearfix\">\n\t\t\t\t<img loading=\"lazy\" class=\"alignleft size-full wp-image-121795\" alt=\"jeanlaurent\" src=\"http:\/\/www.cefihgu.es\/wp-content\/uploads\/jeanlaurent.jpg\" width=\"250\" height=\"394\" srcset=\"https:\/\/cefihgu.es\/wp-content\/uploads\/jeanlaurent.jpg 250w, https:\/\/cefihgu.es\/wp-content\/uploads\/jeanlaurent-190x300.jpg 190w\" sizes=\"(max-width: 250px) 100vw, 250px\" \/>French illustrator, installed in Spain since 1843 and initiated in photography since 1857, he worked as court portraitists and reporter, among other publications, for La Ilustraci\u00f3n Espa\u00f1ola y Americana and La Cr\u00f3nica. For this reason, he toured a large part of the peninsular geography, taking hundreds of photographs of Spanish monuments and types. As a result of this arduous task, he published, in 1879, a list of works of more than five thousand plates: Guide du touriste en Espagne et en Portugal. In this collection, seven snapshots are dedicated to the capital, two to Cogolludo, one to Sig\u00fcenza and five to landscapes and types of the province; although, later, this list will expand enormously with the work carried out by his collaborators from the firm Laurent y C\u00eda.\t\t\t\t\t<\/div>\n\t\t\t\t\t\t<\/div>\n\t\t\t\t<\/div>\n\t\t\t\t\t\t<\/div>\n\t\t\t\t\t<\/div>\n\t\t<\/div>\n\t\t\t\t\t\t\t\t<\/div>\n\t\t\t\t\t<\/div>\n\t\t<\/section>\n\t\t\t\t<section class=\"elementor-section elementor-top-section elementor-element elementor-element-cf31a45 elementor-section-boxed elementor-section-height-default elementor-section-height-default\" data-id=\"cf31a45\" data-element_type=\"section\">\n\t\t\t\t\t\t<div class=\"elementor-container elementor-column-gap-default\">\n\t\t\t\t\t\t\t<div class=\"elementor-row\">\n\t\t\t\t\t<div class=\"elementor-column elementor-col-100 elementor-top-column elementor-element elementor-element-3f8a905\" data-id=\"3f8a905\" data-element_type=\"column\">\n\t\t\t<div class=\"elementor-column-wrap elementor-element-populated\">\n\t\t\t\t\t\t\t<div class=\"elementor-widget-wrap\">\n\t\t\t\t\t\t<div class=\"elementor-element elementor-element-3d7ec5c elementor-widget elementor-widget-spacer\" data-id=\"3d7ec5c\" data-element_type=\"widget\" data-widget_type=\"spacer.default\">\n\t\t\t\t<div class=\"elementor-widget-container\">\n\t\t\t\t\t<div class=\"elementor-spacer\">\n\t\t\t<div class=\"elementor-spacer-inner\"><\/div>\n\t\t<\/div>\n\t\t\t\t<\/div>\n\t\t\t\t<\/div>\n\t\t\t\t\t\t<\/div>\n\t\t\t\t\t<\/div>\n\t\t<\/div>\n\t\t\t\t\t\t\t\t<\/div>\n\t\t\t\t\t<\/div>\n\t\t<\/section>\n\t\t\t\t\t\t\t\t\t<\/div>\n\t\t\t<\/div>\n\t\t\t\t\t<\/div>\n\t\t<\/div><\/div>","protected":false},"excerpt":{"rendered":"<p>French illustrator, installed in Spain since 1843 and initiated in photography since 1857, he worked as court portraitists and reporter, among other publications, for La Ilustraci\u00f3n Espa\u00f1ola y Americana and La Cr\u00f3nica. For this reason, he toured a large part of the peninsular geography, taking hundreds of photographs of Spanish monuments and types. [\u2026]<\/p>","protected":false},"author":4,"featured_media":0,"parent":6538,"menu_order":0,"comment_status":"closed","ping_status":"closed","template":"","meta":{"_mi_skip_tracking":false},"acf":[],"_links":{"self":[{"href":"https:\/\/cefihgu.es\/en\/wp-json\/wp\/v2\/pages\/6673"}],"collection":[{"href":"https:\/\/cefihgu.es\/en\/wp-json\/wp\/v2\/pages"}],"about":[{"href":"https:\/\/cefihgu.es\/en\/wp-json\/wp\/v2\/types\/page"}],"author":[{"embeddable":true,"href":"https:\/\/cefihgu.es\/en\/wp-json\/wp\/v2\/users\/4"}],"replies":[{"embeddable":true,"href":"https:\/\/cefihgu.es\/en\/wp-json\/wp\/v2\/comments?post=6673"}],"version-history":[{"count":3,"href":"https:\/\/cefihgu.es\/en\/wp-json\/wp\/v2\/pages\/6673\/revisions"}],"predecessor-version":[{"id":247231,"href":"https:\/\/cefihgu.es\/en\/wp-json\/wp\/v2\/pages\/6673\/revisions\/247231"}],"up":[{"embeddable":true,"href":"https:\/\/cefihgu.es\/en\/wp-json\/wp\/v2\/pages\/6538"}],"wp:attachment":[{"href":"https:\/\/cefihgu.es\/en\/wp-json\/wp\/v2\/media?parent=6673"}],"curies":[{"name":"wp","href":"https:\/\/api.w.org\/{rel}","templated":true}]}}