{"id":6702,"date":"2014-07-22T12:39:15","date_gmt":"2014-07-22T11:39:15","guid":{"rendered":"http:\/\/\/www.cefihgu.es\/?page_id=6702"},"modified":"2022-10-19T15:09:50","modified_gmt":"2022-10-19T14:09:50","slug":"jose-lopez-ramiro","status":"publish","type":"page","link":"https:\/\/cefihgu.es\/en\/fotografos\/jose-lopez-ramiro\/","title":{"rendered":"Jose Lopez Ramiro"},"content":{"rendered":"<div id=\"dslc-theme-content\"><div id=\"dslc-theme-content-inner\">\t\t<div data-elementor-type=\"wp-page\" data-elementor-id=\"6702\" class=\"elementor elementor-6702\">\n\t\t\t\t\t\t<div class=\"elementor-inner\">\n\t\t\t\t<div class=\"elementor-section-wrap\">\n\t\t\t\t\t\t\t\t\t<section class=\"elementor-section elementor-top-section elementor-element elementor-element-23d90f7 elementor-section-boxed elementor-section-height-default elementor-section-height-default\" data-id=\"23d90f7\" data-element_type=\"section\">\n\t\t\t\t\t\t<div class=\"elementor-container elementor-column-gap-default\">\n\t\t\t\t\t\t\t<div class=\"elementor-row\">\n\t\t\t\t\t<div class=\"elementor-column elementor-col-100 elementor-top-column elementor-element elementor-element-056152f\" data-id=\"056152f\" data-element_type=\"column\">\n\t\t\t<div class=\"elementor-column-wrap elementor-element-populated\">\n\t\t\t\t\t\t\t<div class=\"elementor-widget-wrap\">\n\t\t\t\t\t\t<div class=\"elementor-element elementor-element-1710e16 elementor-widget elementor-widget-spacer\" data-id=\"1710e16\" data-element_type=\"widget\" data-widget_type=\"spacer.default\">\n\t\t\t\t<div class=\"elementor-widget-container\">\n\t\t\t\t\t<div class=\"elementor-spacer\">\n\t\t\t<div class=\"elementor-spacer-inner\"><\/div>\n\t\t<\/div>\n\t\t\t\t<\/div>\n\t\t\t\t<\/div>\n\t\t\t\t\t\t<\/div>\n\t\t\t\t\t<\/div>\n\t\t<\/div>\n\t\t\t\t\t\t\t\t<\/div>\n\t\t\t\t\t<\/div>\n\t\t<\/section>\n\t\t\t\t<section class=\"elementor-section elementor-top-section elementor-element elementor-element-8479559 elementor-section-boxed elementor-section-height-default elementor-section-height-default\" data-id=\"8479559\" data-element_type=\"section\">\n\t\t\t\t\t\t<div class=\"elementor-container elementor-column-gap-default\">\n\t\t\t\t\t\t\t<div class=\"elementor-row\">\n\t\t\t\t\t<div class=\"elementor-column elementor-col-100 elementor-top-column elementor-element elementor-element-6b20b0fc\" data-id=\"6b20b0fc\" data-element_type=\"column\">\n\t\t\t<div class=\"elementor-column-wrap elementor-element-populated\">\n\t\t\t\t\t\t\t<div class=\"elementor-widget-wrap\">\n\t\t\t\t\t\t<div class=\"elementor-element elementor-element-104583d0 elementor-widget elementor-widget-text-editor\" data-id=\"104583d0\" data-element_type=\"widget\" data-widget_type=\"text-editor.default\">\n\t\t\t\t<div class=\"elementor-widget-container\">\n\t\t\t\t\t\t\t\t<div class=\"elementor-text-editor elementor-clearfix\">\n\t\t\t\t<img loading=\"lazy\" class=\"alignleft size-full wp-image-121798\" alt=\"Jos\u00e9 L\u00f3pez Ramiro\" src=\"http:\/\/www.cefihgu.es\/wp-content\/uploads\/joseramiro.jpg\" width=\"250\" height=\"327\" srcset=\"https:\/\/cefihgu.es\/wp-content\/uploads\/joseramiro.jpg 250w, https:\/\/cefihgu.es\/wp-content\/uploads\/joseramiro-229x300.jpg 229w\" sizes=\"(max-width: 250px) 100vw, 250px\" \/>Jos\u00e9 L\u00f3pez Ramiro was born in Guadalajara on January 9, 1911, the son of Leandro L\u00f3pez Ramiro - a native of Madrid and auditor in the City Council of this capital - and Carmen Ramiro Fern\u00e1ndez from Alcarria. He is the youngest of three brothers, with family home at number 5, Plaza de O\u00f1ate \u2013 behind the Infantado Palace and next to the Normal School for Teachers-. It is here where he could operate his photographic laboratory between 1930 and 1935, the year in which he was registered as a photographer in the Municipal Census and after working as a mechanic in the &quot;La Hispano&quot; factory, in the section dedicated to manufacturing, assembly and repair. of planes. He then took several snapshots of these workshops and the model airplanes built there. Starting from his modest laboratory in the Plaza de O\u00f1ate, he began a career that lasted until the 1970s, more as a photographer installed at street level than as a studio portrait painter. As was common to this generation of photographers, he learned the trade and the techniques associated with his new profession from his own experience, from correcting mistakes, from experimenting with different models of machines and films, and from trusting in the possibility of conceiving a good snapshot from its ease to get a perfect frame. Choosing to develop his work under natural light -avoiding interior work and artificial lighting as far as possible-, will give Jos\u00e9 L\u00f3pez&#039;s work a unitary dimension that prevails in all his photographs, portraits and reports. The years of his first stage, are of tireless activity in which Jos\u00e9 L\u00f3pez is recording, image by image, the daily history of the city and the most important events, as well as that of some surrounding towns - Chiloeches, Marchamalo, Alh\u00f3ndiga, Lupiana , etc.-; In addition, the work is extended with the service provided by its laboratory for the development of photographic reels of individuals and amateurs; and even collaborating with Tom\u00e1s Camarillo in the treatment and printing of his plates. During the years of the civil war, Jos\u00e9 L\u00f3pez continued to work as a photographer. After the war and after the war, it increased its activity even more, now periodically going to the towns of the province to take the necessary photos of the new identity cards. His objective during the forties will be the witness of the public demonstrations organized by the National Movement: charity acts, the delivery of decorations, the tributes of the Youth Front, the gymnastic tables in the bullring or the parades of students of the Infantry Academy. And, in the 1950s, the urban renewal of the city, especially on Paseo Fern\u00e1ndez Iparraguirre, where the headquarters of the Civil Government, the Provincial Court and the Provincial Institute of Hygiene were built. The economic recovery of the country will also have its echo in Guadalajara and this resurgence also affects the activity of professional photography, thus the fifties is a golden age that crystallized in 1956 with the founding of the Agrupaci\u00f3n Fotogr\u00e1fica. Jos\u00e9 L\u00f3pez will continue his professional work portraying his neighbors, making event reports or photographing the transmutation of his city. In 1975 he retired with the hope that one day his children would maintain the commercial firm and follow the path outlined. This event will take place in 1985 when his son Jos\u00e9 L\u00f3pez Cort\u00e9s opened a video and photography studio in Guadalajara and his son Ricardo did the same in Barcelona. On November 15, 1982, Jos\u00e9 L\u00f3pez Ramiro died in Guadalajara.\r\n\r\n&nbsp;\t\t\t\t\t<\/div>\n\t\t\t\t\t\t<\/div>\n\t\t\t\t<\/div>\n\t\t\t\t\t\t<\/div>\n\t\t\t\t\t<\/div>\n\t\t<\/div>\n\t\t\t\t\t\t\t\t<\/div>\n\t\t\t\t\t<\/div>\n\t\t<\/section>\n\t\t\t\t<section class=\"elementor-section elementor-top-section elementor-element elementor-element-1df5c4b elementor-section-boxed elementor-section-height-default elementor-section-height-default\" data-id=\"1df5c4b\" data-element_type=\"section\">\n\t\t\t\t\t\t<div class=\"elementor-container elementor-column-gap-default\">\n\t\t\t\t\t\t\t<div class=\"elementor-row\">\n\t\t\t\t\t<div class=\"elementor-column elementor-col-100 elementor-top-column elementor-element elementor-element-802d651\" data-id=\"802d651\" data-element_type=\"column\">\n\t\t\t<div class=\"elementor-column-wrap elementor-element-populated\">\n\t\t\t\t\t\t\t<div class=\"elementor-widget-wrap\">\n\t\t\t\t\t\t<div class=\"elementor-element elementor-element-053d85f elementor-widget elementor-widget-spacer\" data-id=\"053d85f\" data-element_type=\"widget\" data-widget_type=\"spacer.default\">\n\t\t\t\t<div class=\"elementor-widget-container\">\n\t\t\t\t\t<div class=\"elementor-spacer\">\n\t\t\t<div class=\"elementor-spacer-inner\"><\/div>\n\t\t<\/div>\n\t\t\t\t<\/div>\n\t\t\t\t<\/div>\n\t\t\t\t\t\t<\/div>\n\t\t\t\t\t<\/div>\n\t\t<\/div>\n\t\t\t\t\t\t\t\t<\/div>\n\t\t\t\t\t<\/div>\n\t\t<\/section>\n\t\t\t\t\t\t\t\t\t<\/div>\n\t\t\t<\/div>\n\t\t\t\t\t<\/div>\n\t\t<\/div><\/div>","protected":false},"excerpt":{"rendered":"<p>Jos\u00e9 L\u00f3pez Ramiro was born in Guadalajara on January 9, 1911, the son of Leandro L\u00f3pez Ramiro - a native of Madrid and auditor in the City Council of this capital - and Carmen Ramiro Fern\u00e1ndez from Alcarria. He is the youngest of three brothers, with family address at number 5, Plaza de O\u00f1ate \u2013 [\u2026]<\/p>","protected":false},"author":4,"featured_media":0,"parent":6538,"menu_order":0,"comment_status":"closed","ping_status":"closed","template":"","meta":{"_mi_skip_tracking":false},"acf":[],"_links":{"self":[{"href":"https:\/\/cefihgu.es\/en\/wp-json\/wp\/v2\/pages\/6702"}],"collection":[{"href":"https:\/\/cefihgu.es\/en\/wp-json\/wp\/v2\/pages"}],"about":[{"href":"https:\/\/cefihgu.es\/en\/wp-json\/wp\/v2\/types\/page"}],"author":[{"embeddable":true,"href":"https:\/\/cefihgu.es\/en\/wp-json\/wp\/v2\/users\/4"}],"replies":[{"embeddable":true,"href":"https:\/\/cefihgu.es\/en\/wp-json\/wp\/v2\/comments?post=6702"}],"version-history":[{"count":3,"href":"https:\/\/cefihgu.es\/en\/wp-json\/wp\/v2\/pages\/6702\/revisions"}],"predecessor-version":[{"id":247225,"href":"https:\/\/cefihgu.es\/en\/wp-json\/wp\/v2\/pages\/6702\/revisions\/247225"}],"up":[{"embeddable":true,"href":"https:\/\/cefihgu.es\/en\/wp-json\/wp\/v2\/pages\/6538"}],"wp:attachment":[{"href":"https:\/\/cefihgu.es\/en\/wp-json\/wp\/v2\/media?parent=6702"}],"curies":[{"name":"wp","href":"https:\/\/api.w.org\/{rel}","templated":true}]}}