{"id":6866,"date":"2014-03-22T12:42:15","date_gmt":"2014-03-22T12:42:15","guid":{"rendered":"http:\/\/\/www.cefihgu.es\/?page_id=6866"},"modified":"2022-10-19T12:05:58","modified_gmt":"2022-10-19T11:05:58","slug":"democratizacion-del-retrato-relieve-y-color","status":"publish","type":"page","link":"https:\/\/cefihgu.es\/en\/sala-de-exposiciones\/democratizacion-del-retrato-relieve-y-color\/","title":{"rendered":"Democratization of the portrait. Relief and Color"},"content":{"rendered":"<div id=\"dslc-theme-content\"><div id=\"dslc-theme-content-inner\">\t\t<div data-elementor-type=\"wp-page\" data-elementor-id=\"6866\" class=\"elementor elementor-6866\">\n\t\t\t\t\t\t<div class=\"elementor-inner\">\n\t\t\t\t<div class=\"elementor-section-wrap\">\n\t\t\t\t\t\t\t\t\t<section class=\"elementor-section elementor-top-section elementor-element elementor-element-4c539a5 elementor-section-boxed elementor-section-height-default elementor-section-height-default\" data-id=\"4c539a5\" data-element_type=\"section\">\n\t\t\t\t\t\t<div class=\"elementor-container elementor-column-gap-default\">\n\t\t\t\t\t\t\t<div class=\"elementor-row\">\n\t\t\t\t\t<div class=\"elementor-column elementor-col-100 elementor-top-column elementor-element elementor-element-47752de\" data-id=\"47752de\" data-element_type=\"column\">\n\t\t\t<div class=\"elementor-column-wrap elementor-element-populated\">\n\t\t\t\t\t\t\t<div class=\"elementor-widget-wrap\">\n\t\t\t\t\t\t<div class=\"elementor-element elementor-element-427f91c elementor-widget elementor-widget-spacer\" data-id=\"427f91c\" data-element_type=\"widget\" data-widget_type=\"spacer.default\">\n\t\t\t\t<div class=\"elementor-widget-container\">\n\t\t\t\t\t<div class=\"elementor-spacer\">\n\t\t\t<div class=\"elementor-spacer-inner\"><\/div>\n\t\t<\/div>\n\t\t\t\t<\/div>\n\t\t\t\t<\/div>\n\t\t\t\t\t\t<\/div>\n\t\t\t\t\t<\/div>\n\t\t<\/div>\n\t\t\t\t\t\t\t\t<\/div>\n\t\t\t\t\t<\/div>\n\t\t<\/section>\n\t\t\t\t<section class=\"elementor-section elementor-top-section elementor-element elementor-element-c3ba666 elementor-section-boxed elementor-section-height-default elementor-section-height-default\" data-id=\"c3ba666\" data-element_type=\"section\">\n\t\t\t\t\t\t<div class=\"elementor-container elementor-column-gap-default\">\n\t\t\t\t\t\t\t<div class=\"elementor-row\">\n\t\t\t\t\t<div class=\"elementor-column elementor-col-100 elementor-top-column elementor-element elementor-element-9af4b29\" data-id=\"9af4b29\" data-element_type=\"column\">\n\t\t\t<div class=\"elementor-column-wrap elementor-element-populated\">\n\t\t\t\t\t\t\t<div class=\"elementor-widget-wrap\">\n\t\t\t\t\t\t<div class=\"elementor-element elementor-element-87d22b2 elementor-widget elementor-widget-heading\" data-id=\"87d22b2\" data-element_type=\"widget\" data-widget_type=\"heading.default\">\n\t\t\t\t<div class=\"elementor-widget-container\">\n\t\t\t<h2 class=\"elementor-heading-title elementor-size-default\">Democratization of the portrait. Relief and Color.<\/h2>\t\t<\/div>\n\t\t\t\t<\/div>\n\t\t\t\t\t\t<\/div>\n\t\t\t\t\t<\/div>\n\t\t<\/div>\n\t\t\t\t\t\t\t\t<\/div>\n\t\t\t\t\t<\/div>\n\t\t<\/section>\n\t\t\t\t<section class=\"elementor-section elementor-top-section elementor-element elementor-element-9a6059 elementor-section-boxed elementor-section-height-default elementor-section-height-default\" data-id=\"9a6059\" data-element_type=\"section\">\n\t\t\t\t\t\t<div class=\"elementor-container elementor-column-gap-default\">\n\t\t\t\t\t\t\t<div class=\"elementor-row\">\n\t\t\t\t\t<div class=\"elementor-column elementor-col-100 elementor-top-column elementor-element elementor-element-3fb70545\" data-id=\"3fb70545\" data-element_type=\"column\">\n\t\t\t<div class=\"elementor-column-wrap elementor-element-populated\">\n\t\t\t\t\t\t\t<div class=\"elementor-widget-wrap\">\n\t\t\t\t\t\t<div class=\"elementor-element elementor-element-1d062698 elementor-widget elementor-widget-text-editor\" data-id=\"1d062698\" data-element_type=\"widget\" data-widget_type=\"text-editor.default\">\n\t\t\t\t<div class=\"elementor-widget-container\">\n\t\t\t\t\t\t\t\t<div class=\"elementor-text-editor elementor-clearfix\">\n\t\t\t\t<img loading=\"lazy\" class=\"alignleft size-full wp-image-121808\" alt=\"democratizacion\" src=\"http:\/\/www.cefihgu.es\/wp-content\/uploads\/democratizacion.jpg\" width=\"200\" height=\"287\" \/>Patented by the Frenchman Andr\u00e9 Adolphe Eug\u00e9ne Disd\u00e9ri in 1854, the carte de visite or visiting card is a hard copy (usually albumen) taken from a collodion negative. The image, in 58 x 94 mm format, is glued on a cardboard of approximately 63 x 102mm. The photographs were taken with special cameras with four, six and even eight lenses to obtain the same number of views on a single plate. The system made portraiture much cheaper and was widely used in Europe throughout the 1860s. A stereoscopic photograph is an image produced by a camera equipped with two lenses placed at a distance from each other similar to the distance between the eyes (about 7 centimetres): the method is therefore based on human binocular vision. Contemplating the two images with the appropriate viewer, the observer perceives a single image in three dimensions. At the Universal Exhibition of 1851, stereoscopic daguerreotypes taken by Jules Duboscq were already on display, and soon after the stereoscopic positives on paper were mounted on cardboard and sold at very low prices. The interest in stereoscopy did not wan until well into the 20th century. Autochrome, invented by Auguste and Louis Lumi\u00e9re and presented by themselves in 1904 at the Academy of Sciences in Paris, was the first color photography process that enjoyed true diffusion from its commercialization in 1907. The glass plate it was covered with an emulsion composed of grains of starch (potato starch) dyed in trichome, a mosaic that filtered the light before it affected the silver layer. The use of autochrome continued until the 1930s, when it was replaced by the more perfect subtractive synthesis systems such as Kodacolor and Agfacolor. The Museum collection includes dozens of cartes de visite, numerous stereoscopic views on crystals and even some autochromes, but there are also many old pieces that correspond to other typologies.\t\t\t\t\t<\/div>\n\t\t\t\t\t\t<\/div>\n\t\t\t\t<\/div>\n\t\t\t\t\t\t<\/div>\n\t\t\t\t\t<\/div>\n\t\t<\/div>\n\t\t\t\t\t\t\t\t<\/div>\n\t\t\t\t\t<\/div>\n\t\t<\/section>\n\t\t\t\t<section class=\"elementor-section elementor-top-section elementor-element elementor-element-f1f1a69 elementor-section-boxed elementor-section-height-default elementor-section-height-default\" data-id=\"f1f1a69\" data-element_type=\"section\">\n\t\t\t\t\t\t<div class=\"elementor-container elementor-column-gap-default\">\n\t\t\t\t\t\t\t<div class=\"elementor-row\">\n\t\t\t\t\t<div class=\"elementor-column elementor-col-100 elementor-top-column elementor-element elementor-element-c96e72a\" data-id=\"c96e72a\" data-element_type=\"column\">\n\t\t\t<div class=\"elementor-column-wrap elementor-element-populated\">\n\t\t\t\t\t\t\t<div class=\"elementor-widget-wrap\">\n\t\t\t\t\t\t<div class=\"elementor-element elementor-element-07729f6 elementor-widget elementor-widget-spacer\" data-id=\"07729f6\" data-element_type=\"widget\" data-widget_type=\"spacer.default\">\n\t\t\t\t<div class=\"elementor-widget-container\">\n\t\t\t\t\t<div class=\"elementor-spacer\">\n\t\t\t<div class=\"elementor-spacer-inner\"><\/div>\n\t\t<\/div>\n\t\t\t\t<\/div>\n\t\t\t\t<\/div>\n\t\t\t\t\t\t<\/div>\n\t\t\t\t\t<\/div>\n\t\t<\/div>\n\t\t\t\t\t\t\t\t<\/div>\n\t\t\t\t\t<\/div>\n\t\t<\/section>\n\t\t\t\t\t\t\t\t\t<\/div>\n\t\t\t<\/div>\n\t\t\t\t\t<\/div>\n\t\t<\/div><\/div>","protected":false},"excerpt":{"rendered":"<p>Democratization of the portrait. Relief and Color. Patented by the Frenchman Andr\u00e9 Adolphe Eug\u00e9ne Disd\u00e9ri in 1854, the carte de visite or visiting card is a hard copy (usually albumen) taken from a collodion negative. The image, in 58 x 94 mm format, is glued on a cardboard of approximately [\u2026]<\/p>","protected":false},"author":4,"featured_media":0,"parent":6829,"menu_order":0,"comment_status":"open","ping_status":"open","template":"","meta":{"_mi_skip_tracking":false},"acf":[],"_links":{"self":[{"href":"https:\/\/cefihgu.es\/en\/wp-json\/wp\/v2\/pages\/6866"}],"collection":[{"href":"https:\/\/cefihgu.es\/en\/wp-json\/wp\/v2\/pages"}],"about":[{"href":"https:\/\/cefihgu.es\/en\/wp-json\/wp\/v2\/types\/page"}],"author":[{"embeddable":true,"href":"https:\/\/cefihgu.es\/en\/wp-json\/wp\/v2\/users\/4"}],"replies":[{"embeddable":true,"href":"https:\/\/cefihgu.es\/en\/wp-json\/wp\/v2\/comments?post=6866"}],"version-history":[{"count":3,"href":"https:\/\/cefihgu.es\/en\/wp-json\/wp\/v2\/pages\/6866\/revisions"}],"predecessor-version":[{"id":247140,"href":"https:\/\/cefihgu.es\/en\/wp-json\/wp\/v2\/pages\/6866\/revisions\/247140"}],"up":[{"embeddable":true,"href":"https:\/\/cefihgu.es\/en\/wp-json\/wp\/v2\/pages\/6829"}],"wp:attachment":[{"href":"https:\/\/cefihgu.es\/en\/wp-json\/wp\/v2\/media?parent=6866"}],"curies":[{"name":"wp","href":"https:\/\/api.w.org\/{rel}","templated":true}]}}