{"id":6996,"date":"2014-03-22T12:46:12","date_gmt":"2014-03-22T12:46:12","guid":{"rendered":"http:\/\/\/www.cefihgu.es\/?page_id=6996"},"modified":"2022-10-19T11:51:20","modified_gmt":"2022-10-19T10:51:20","slug":"visperas-del-cinematografo","status":"publish","type":"page","link":"https:\/\/cefihgu.es\/en\/sala-de-exposiciones\/visperas-del-cinematografo\/","title":{"rendered":"Cinematographer&#039;s Eve"},"content":{"rendered":"<div id=\"dslc-theme-content\"><div id=\"dslc-theme-content-inner\">\t\t<div data-elementor-type=\"wp-page\" data-elementor-id=\"6996\" class=\"elementor elementor-6996\">\n\t\t\t\t\t\t<div class=\"elementor-inner\">\n\t\t\t\t<div class=\"elementor-section-wrap\">\n\t\t\t\t\t\t\t\t\t<section class=\"elementor-section elementor-top-section elementor-element elementor-element-b37368f elementor-section-boxed elementor-section-height-default elementor-section-height-default\" data-id=\"b37368f\" data-element_type=\"section\">\n\t\t\t\t\t\t<div class=\"elementor-container elementor-column-gap-default\">\n\t\t\t\t\t\t\t<div class=\"elementor-row\">\n\t\t\t\t\t<div class=\"elementor-column elementor-col-100 elementor-top-column elementor-element elementor-element-c24fd80\" data-id=\"c24fd80\" data-element_type=\"column\">\n\t\t\t<div class=\"elementor-column-wrap elementor-element-populated\">\n\t\t\t\t\t\t\t<div class=\"elementor-widget-wrap\">\n\t\t\t\t\t\t<div class=\"elementor-element elementor-element-8f1196d elementor-widget elementor-widget-spacer\" data-id=\"8f1196d\" data-element_type=\"widget\" data-widget_type=\"spacer.default\">\n\t\t\t\t<div class=\"elementor-widget-container\">\n\t\t\t\t\t<div class=\"elementor-spacer\">\n\t\t\t<div class=\"elementor-spacer-inner\"><\/div>\n\t\t<\/div>\n\t\t\t\t<\/div>\n\t\t\t\t<\/div>\n\t\t\t\t\t\t<\/div>\n\t\t\t\t\t<\/div>\n\t\t<\/div>\n\t\t\t\t\t\t\t\t<\/div>\n\t\t\t\t\t<\/div>\n\t\t<\/section>\n\t\t\t\t<section class=\"elementor-section elementor-top-section elementor-element elementor-element-80a7495 elementor-section-boxed elementor-section-height-default elementor-section-height-default\" data-id=\"80a7495\" data-element_type=\"section\">\n\t\t\t\t\t\t<div class=\"elementor-container elementor-column-gap-default\">\n\t\t\t\t\t\t\t<div class=\"elementor-row\">\n\t\t\t\t\t<div class=\"elementor-column elementor-col-100 elementor-top-column elementor-element elementor-element-ce757a2\" data-id=\"ce757a2\" data-element_type=\"column\">\n\t\t\t<div class=\"elementor-column-wrap elementor-element-populated\">\n\t\t\t\t\t\t\t<div class=\"elementor-widget-wrap\">\n\t\t\t\t\t\t<div class=\"elementor-element elementor-element-ff415d3 elementor-widget elementor-widget-heading\" data-id=\"ff415d3\" data-element_type=\"widget\" data-widget_type=\"heading.default\">\n\t\t\t\t<div class=\"elementor-widget-container\">\n\t\t\t<h2 class=\"elementor-heading-title elementor-size-default\"><a href=\"https:\/\/cefihgu.ariats.es\/sala-de-exposiciones\/visperas-del-cinematografo\/\">Cinematographer&#039;s Eve<\/a><\/h2>\t\t<\/div>\n\t\t\t\t<\/div>\n\t\t\t\t\t\t<\/div>\n\t\t\t\t\t<\/div>\n\t\t<\/div>\n\t\t\t\t\t\t\t\t<\/div>\n\t\t\t\t\t<\/div>\n\t\t<\/section>\n\t\t\t\t<section class=\"elementor-section elementor-top-section elementor-element elementor-element-3db1e5b9 elementor-section-boxed elementor-section-height-default elementor-section-height-default\" data-id=\"3db1e5b9\" data-element_type=\"section\">\n\t\t\t\t\t\t<div class=\"elementor-container elementor-column-gap-default\">\n\t\t\t\t\t\t\t<div class=\"elementor-row\">\n\t\t\t\t\t<div class=\"elementor-column elementor-col-100 elementor-top-column elementor-element elementor-element-307e72bc\" data-id=\"307e72bc\" data-element_type=\"column\">\n\t\t\t<div class=\"elementor-column-wrap elementor-element-populated\">\n\t\t\t\t\t\t\t<div class=\"elementor-widget-wrap\">\n\t\t\t\t\t\t<div class=\"elementor-element elementor-element-555cb091 elementor-widget elementor-widget-text-editor\" data-id=\"555cb091\" data-element_type=\"widget\" data-widget_type=\"text-editor.default\">\n\t\t\t\t<div class=\"elementor-widget-container\">\n\t\t\t\t\t\t\t\t<div class=\"elementor-text-editor elementor-clearfix\">\n\t\t\t\t<img loading=\"lazy\" class=\"alignleft size-full wp-image-121820\" alt=\"visperascinematografo\" src=\"http:\/\/www.cefihgu.es\/wp-content\/uploads\/visperascinematografo.jpg\" width=\"300\" height=\"176\" \/>Just one month before the inaugural film session was held in Guadalajara, the columnist Miraul commented on this new technical marvel in La Cr\u00f3nica (it is the oldest reference to cinema that appeared in the local press) and thus, intentionally or not, prepared citizens for the event, although it is highly probable that some residents had already seen films in Madrid. As was the norm at the time, the journalist made the physiological phenomenon of retinal persistence reside in the cause of the perception of apparent movement, an idea that we now know is wrong. He also misspelled some surnames (Edisson, Marcey, Auschutz, instead of Edison, Marey and Ansch\u00fctz) and named the Plateau ph\u00e9nakistiscope the ph\u00e9nakistiscope with which, of course, Edison had nothing to do. The announced sequel was never published.\t\t\t\t\t<\/div>\n\t\t\t\t\t\t<\/div>\n\t\t\t\t<\/div>\n\t\t\t\t\t\t<\/div>\n\t\t\t\t\t<\/div>\n\t\t<\/div>\n\t\t\t\t\t\t\t\t<\/div>\n\t\t\t\t\t<\/div>\n\t\t<\/section>\n\t\t\t\t<section class=\"elementor-section elementor-top-section elementor-element elementor-element-aed4c8d elementor-section-boxed elementor-section-height-default elementor-section-height-default\" data-id=\"aed4c8d\" data-element_type=\"section\">\n\t\t\t\t\t\t<div class=\"elementor-container elementor-column-gap-default\">\n\t\t\t\t\t\t\t<div class=\"elementor-row\">\n\t\t\t\t\t<div class=\"elementor-column elementor-col-100 elementor-top-column elementor-element elementor-element-61ae2b0\" data-id=\"61ae2b0\" data-element_type=\"column\">\n\t\t\t<div class=\"elementor-column-wrap elementor-element-populated\">\n\t\t\t\t\t\t\t<div class=\"elementor-widget-wrap\">\n\t\t\t\t\t\t<div class=\"elementor-element elementor-element-8e11b8e elementor-widget elementor-widget-spacer\" data-id=\"8e11b8e\" data-element_type=\"widget\" data-widget_type=\"spacer.default\">\n\t\t\t\t<div class=\"elementor-widget-container\">\n\t\t\t\t\t<div class=\"elementor-spacer\">\n\t\t\t<div class=\"elementor-spacer-inner\"><\/div>\n\t\t<\/div>\n\t\t\t\t<\/div>\n\t\t\t\t<\/div>\n\t\t\t\t\t\t<\/div>\n\t\t\t\t\t<\/div>\n\t\t<\/div>\n\t\t\t\t\t\t\t\t<\/div>\n\t\t\t\t\t<\/div>\n\t\t<\/section>\n\t\t\t\t\t\t\t\t\t<\/div>\n\t\t\t<\/div>\n\t\t\t\t\t<\/div>\n\t\t<\/div><\/div>","protected":false},"excerpt":{"rendered":"<p>Vespers of the Cinematographer Just one month before the inaugural film session was held in Guadalajara, the columnist Miraul commented in La Cr\u00f3nica on this new technical marvel (it is the oldest reference to cinema that appeared in the local press) and thus, intentionally or no, he prepared the public for the event, [\u2026]<\/p>","protected":false},"author":4,"featured_media":0,"parent":6829,"menu_order":0,"comment_status":"open","ping_status":"open","template":"","meta":{"_mi_skip_tracking":false},"acf":[],"_links":{"self":[{"href":"https:\/\/cefihgu.es\/en\/wp-json\/wp\/v2\/pages\/6996"}],"collection":[{"href":"https:\/\/cefihgu.es\/en\/wp-json\/wp\/v2\/pages"}],"about":[{"href":"https:\/\/cefihgu.es\/en\/wp-json\/wp\/v2\/types\/page"}],"author":[{"embeddable":true,"href":"https:\/\/cefihgu.es\/en\/wp-json\/wp\/v2\/users\/4"}],"replies":[{"embeddable":true,"href":"https:\/\/cefihgu.es\/en\/wp-json\/wp\/v2\/comments?post=6996"}],"version-history":[{"count":3,"href":"https:\/\/cefihgu.es\/en\/wp-json\/wp\/v2\/pages\/6996\/revisions"}],"predecessor-version":[{"id":247128,"href":"https:\/\/cefihgu.es\/en\/wp-json\/wp\/v2\/pages\/6996\/revisions\/247128"}],"up":[{"embeddable":true,"href":"https:\/\/cefihgu.es\/en\/wp-json\/wp\/v2\/pages\/6829"}],"wp:attachment":[{"href":"https:\/\/cefihgu.es\/en\/wp-json\/wp\/v2\/media?parent=6996"}],"curies":[{"name":"wp","href":"https:\/\/api.w.org\/{rel}","templated":true}]}}