{"id":7030,"date":"2014-03-22T12:47:35","date_gmt":"2014-03-22T12:47:35","guid":{"rendered":"http:\/\/\/www.cefihgu.es\/?page_id=7030"},"modified":"2022-10-19T12:54:00","modified_gmt":"2022-10-19T11:54:00","slug":"archivo-fotografico-luis-manuel-garcia","status":"publish","type":"page","link":"https:\/\/cefihgu.es\/en\/archivos-y-colecciones\/archivo-fotografico-luis-manuel-garcia\/","title":{"rendered":"Luis Manuel Garc\u00eda photographic collection"},"content":{"rendered":"<div id=\"dslc-theme-content\"><div id=\"dslc-theme-content-inner\">\t\t<div data-elementor-type=\"wp-page\" data-elementor-id=\"7030\" class=\"elementor elementor-7030\">\n\t\t\t\t\t\t<div class=\"elementor-inner\">\n\t\t\t\t<div class=\"elementor-section-wrap\">\n\t\t\t\t\t\t\t\t\t<section class=\"elementor-section elementor-top-section elementor-element elementor-element-2d70dc34 elementor-section-boxed elementor-section-height-default elementor-section-height-default\" data-id=\"2d70dc34\" data-element_type=\"section\">\n\t\t\t\t\t\t<div class=\"elementor-container elementor-column-gap-default\">\n\t\t\t\t\t\t\t<div class=\"elementor-row\">\n\t\t\t\t\t<div class=\"elementor-column elementor-col-100 elementor-top-column elementor-element elementor-element-224e5a83\" data-id=\"224e5a83\" data-element_type=\"column\">\n\t\t\t<div class=\"elementor-column-wrap elementor-element-populated\">\n\t\t\t\t\t\t\t<div class=\"elementor-widget-wrap\">\n\t\t\t\t\t\t<div class=\"elementor-element elementor-element-f440ef0 elementor-widget elementor-widget-text-editor\" data-id=\"f440ef0\" data-element_type=\"widget\" data-widget_type=\"text-editor.default\">\n\t\t\t\t<div class=\"elementor-widget-container\">\n\t\t\t\t\t\t\t\t<div class=\"elementor-text-editor elementor-clearfix\">\n\t\t\t\tSet of photographs from the 20s of the 19th century related to the architecture and sculpture of the province (palace, pantheon, Church of San Gin\u00e9s, Cogolludo palace, Sig\u00fcenza Cathedral) gathered by Don Luis Mart\u00edn de Lerena, a character linked to culture and the politics of the moment in the capital of Alcarria. The collection is made up of 23 unique images, unknown until now.\r\n\r\n\t\t\t\t\t<\/div>\n\t\t\t\t\t\t<\/div>\n\t\t\t\t<\/div>\n\t\t\t\t\t\t<\/div>\n\t\t\t\t\t<\/div>\n\t\t<\/div>\n\t\t\t\t\t\t\t\t<\/div>\n\t\t\t\t\t<\/div>\n\t\t<\/section>\n\t\t\t\t<section class=\"elementor-section elementor-top-section elementor-element elementor-element-ba3f0dc elementor-section-boxed elementor-section-height-default elementor-section-height-default\" data-id=\"ba3f0dc\" data-element_type=\"section\">\n\t\t\t\t\t\t<div class=\"elementor-container elementor-column-gap-default\">\n\t\t\t\t\t\t\t<div class=\"elementor-row\">\n\t\t\t\t\t<div class=\"elementor-column elementor-col-100 elementor-top-column elementor-element elementor-element-15f00db\" data-id=\"15f00db\" data-element_type=\"column\">\n\t\t\t<div class=\"elementor-column-wrap elementor-element-populated\">\n\t\t\t\t\t\t\t<div class=\"elementor-widget-wrap\">\n\t\t\t\t\t\t<div class=\"elementor-element elementor-element-1c7867e elementor-widget elementor-widget-spacer\" data-id=\"1c7867e\" data-element_type=\"widget\" data-widget_type=\"spacer.default\">\n\t\t\t\t<div class=\"elementor-widget-container\">\n\t\t\t\t\t<div class=\"elementor-spacer\">\n\t\t\t<div class=\"elementor-spacer-inner\"><\/div>\n\t\t<\/div>\n\t\t\t\t<\/div>\n\t\t\t\t<\/div>\n\t\t\t\t\t\t<\/div>\n\t\t\t\t\t<\/div>\n\t\t<\/div>\n\t\t\t\t\t\t\t\t<\/div>\n\t\t\t\t\t<\/div>\n\t\t<\/section>\n\t\t\t\t\t\t\t\t\t<\/div>\n\t\t\t<\/div>\n\t\t\t\t\t<\/div>\n\t\t<\/div><\/div>","protected":false},"excerpt":{"rendered":"<p>Set of photographs from the 20s of the 19th century related to the architecture and sculpture of the province (palace, pantheon, Church of San Gin\u00e9s, Cogolludo palace, Sig\u00fcenza Cathedral) gathered by Don Luis Mart\u00edn de Lerena, a character linked to culture and the politics of the moment in the capital of Alcarria. [\u2026]<\/p>","protected":false},"author":4,"featured_media":0,"parent":4930,"menu_order":0,"comment_status":"open","ping_status":"open","template":"","meta":{"_mi_skip_tracking":false},"acf":[],"_links":{"self":[{"href":"https:\/\/cefihgu.es\/en\/wp-json\/wp\/v2\/pages\/7030"}],"collection":[{"href":"https:\/\/cefihgu.es\/en\/wp-json\/wp\/v2\/pages"}],"about":[{"href":"https:\/\/cefihgu.es\/en\/wp-json\/wp\/v2\/types\/page"}],"author":[{"embeddable":true,"href":"https:\/\/cefihgu.es\/en\/wp-json\/wp\/v2\/users\/4"}],"replies":[{"embeddable":true,"href":"https:\/\/cefihgu.es\/en\/wp-json\/wp\/v2\/comments?post=7030"}],"version-history":[{"count":3,"href":"https:\/\/cefihgu.es\/en\/wp-json\/wp\/v2\/pages\/7030\/revisions"}],"predecessor-version":[{"id":247189,"href":"https:\/\/cefihgu.es\/en\/wp-json\/wp\/v2\/pages\/7030\/revisions\/247189"}],"up":[{"embeddable":true,"href":"https:\/\/cefihgu.es\/en\/wp-json\/wp\/v2\/pages\/4930"}],"wp:attachment":[{"href":"https:\/\/cefihgu.es\/en\/wp-json\/wp\/v2\/media?parent=7030"}],"curies":[{"name":"wp","href":"https:\/\/api.w.org\/{rel}","templated":true}]}}