{"id":7138,"date":"2014-03-22T12:49:27","date_gmt":"2014-03-22T12:49:27","guid":{"rendered":"http:\/\/\/www.cefihgu.es\/?page_id=7138"},"modified":"2022-10-19T12:18:48","modified_gmt":"2022-10-19T11:18:48","slug":"archivo-fotografico-jose-lopez","status":"publish","type":"page","link":"https:\/\/cefihgu.es\/en\/archivos-y-colecciones\/archivo-fotografico-jose-lopez\/","title":{"rendered":"Jos\u00e9 L\u00f3pez Photographic Archive"},"content":{"rendered":"<div id=\"dslc-theme-content\"><div id=\"dslc-theme-content-inner\">\t\t<div data-elementor-type=\"wp-page\" data-elementor-id=\"7138\" class=\"elementor elementor-7138\">\n\t\t\t\t\t\t<div class=\"elementor-inner\">\n\t\t\t\t<div class=\"elementor-section-wrap\">\n\t\t\t\t\t\t\t\t\t<section class=\"elementor-section elementor-top-section elementor-element elementor-element-6d78f1b2 elementor-section-boxed elementor-section-height-default elementor-section-height-default\" data-id=\"6d78f1b2\" data-element_type=\"section\">\n\t\t\t\t\t\t<div class=\"elementor-container elementor-column-gap-default\">\n\t\t\t\t\t\t\t<div class=\"elementor-row\">\n\t\t\t\t\t<div class=\"elementor-column elementor-col-100 elementor-top-column elementor-element elementor-element-3718184b\" data-id=\"3718184b\" data-element_type=\"column\">\n\t\t\t<div class=\"elementor-column-wrap elementor-element-populated\">\n\t\t\t\t\t\t\t<div class=\"elementor-widget-wrap\">\n\t\t\t\t\t\t<div class=\"elementor-element elementor-element-6076c9e6 elementor-widget elementor-widget-text-editor\" data-id=\"6076c9e6\" data-element_type=\"widget\" data-widget_type=\"text-editor.default\">\n\t\t\t\t<div class=\"elementor-widget-container\">\n\t\t\t\t\t\t\t\t<div class=\"elementor-text-editor elementor-clearfix\">\n\t\t\t\t<h2><a href=\"\/en\/collection\/archivo-fotografico-jose-lopez\/\"><img loading=\"lazy\" class=\"alignleft wp-image-158505\" src=\"http:\/\/cefihgu.es\/wp-content\/uploads\/fotografos\/Jose Lopez.jpg\" alt=\"\" width=\"229\" height=\"299\" \/>Browse the Jos\u00e9 Lopez Photographic Archive<\/a><\/h2><p>In May 2003, his son Jos\u00e9 L\u00f3pez Cort\u00e9s signed an agreement with the Guadalajara Provincial Council whereby this institution was responsible for the deposit of his photographic studio; composed mostly of plates and positives made by his father, more than 2,000 images related to the city of Guadalajara, highlighting studio portraits and snapshots of groups and collectives that reflect moments of very diverse professional activity, institutional, cultural celebrations and leisure. These snapshots correspond to an interesting historical period, the years between the proclamation of the Second Republic and the consolidation of Franco&#039;s autarchy, going through the traumatic years of the civil war.<\/p><p>Recently the photographic images have been completed by the extremely interesting collection of cameras used in the studio throughout the decades in which the photographer was in practice.<\/p><p>The arrival of this material in the deposits of the Center for Photography and Historical Image of Guadalajara presupposes a notable enrichment of its collections; but above all, it means the opening of an important private archive that, from that moment, was available to the scientific community and to the public that comes to consult the CEFIHGU collections.<\/p><p><\/p>\t\t\t\t\t<\/div>\n\t\t\t\t\t\t<\/div>\n\t\t\t\t<\/div>\n\t\t\t\t\t\t<\/div>\n\t\t\t\t\t<\/div>\n\t\t<\/div>\n\t\t\t\t\t\t\t\t<\/div>\n\t\t\t\t\t<\/div>\n\t\t<\/section>\n\t\t\t\t\t\t\t\t\t<\/div>\n\t\t\t<\/div>\n\t\t\t\t\t<\/div>\n\t\t<\/div><\/div>","protected":false},"excerpt":{"rendered":"<p>Browse the Jos\u00e9 Lopez Photographic Archive In May 2003, his son Jos\u00e9 L\u00f3pez Cort\u00e9s signed an agreement with the Guadalajara Provincial Council whereby this institution was responsible for the deposit of his photographic studio; composed mostly of plates and positives made by his father, more than 2,000 images related [\u2026]<\/p>","protected":false},"author":4,"featured_media":0,"parent":4930,"menu_order":0,"comment_status":"open","ping_status":"open","template":"","meta":{"_mi_skip_tracking":false},"acf":[],"_links":{"self":[{"href":"https:\/\/cefihgu.es\/en\/wp-json\/wp\/v2\/pages\/7138"}],"collection":[{"href":"https:\/\/cefihgu.es\/en\/wp-json\/wp\/v2\/pages"}],"about":[{"href":"https:\/\/cefihgu.es\/en\/wp-json\/wp\/v2\/types\/page"}],"author":[{"embeddable":true,"href":"https:\/\/cefihgu.es\/en\/wp-json\/wp\/v2\/users\/4"}],"replies":[{"embeddable":true,"href":"https:\/\/cefihgu.es\/en\/wp-json\/wp\/v2\/comments?post=7138"}],"version-history":[{"count":3,"href":"https:\/\/cefihgu.es\/en\/wp-json\/wp\/v2\/pages\/7138\/revisions"}],"predecessor-version":[{"id":247158,"href":"https:\/\/cefihgu.es\/en\/wp-json\/wp\/v2\/pages\/7138\/revisions\/247158"}],"up":[{"embeddable":true,"href":"https:\/\/cefihgu.es\/en\/wp-json\/wp\/v2\/pages\/4930"}],"wp:attachment":[{"href":"https:\/\/cefihgu.es\/en\/wp-json\/wp\/v2\/media?parent=7138"}],"curies":[{"name":"wp","href":"https:\/\/api.w.org\/{rel}","templated":true}]}}